{"id":2714,"date":"2024-01-30T09:33:47","date_gmt":"2024-01-30T08:33:47","guid":{"rendered":"http:\/\/midnightblue-snail-644681.hostingersite.com\/?page_id=2714"},"modified":"2024-03-11T08:22:07","modified_gmt":"2024-03-11T07:22:07","slug":"declaracio-daccessibilitat","status":"publish","type":"page","link":"https:\/\/mariamunozroca.com\/ca\/declaracio-daccessibilitat\/","title":{"rendered":"Declaraci\u00f3 d&#039;accessibilitat"},"content":{"rendered":"<div data-elementor-type=\"wp-page\" data-elementor-id=\"2714\" class=\"elementor elementor-2714\" data-elementor-post-type=\"page\">\n\t\t\t\t<div class=\"elementor-element elementor-element-ba3a446 e-flex e-con-boxed e-con e-parent\" data-id=\"ba3a446\" data-element_type=\"container\" data-e-type=\"container\">\n\t\t\t\t\t<div class=\"e-con-inner\">\n\t\t\t\t<div class=\"elementor-element elementor-element-303a3bf elementor-widget elementor-widget-heading\" data-id=\"303a3bf\" data-element_type=\"widget\" data-e-type=\"widget\" data-widget_type=\"heading.default\">\n\t\t\t\t<div class=\"elementor-widget-container\">\n\t\t\t\t\t<h1 class=\"elementor-heading-title elementor-size-default\">DECLARACI\u00d3 D&#039;ACCESSIBILITAT\n<\/h1>\t\t\t\t<\/div>\n\t\t\t\t<\/div>\n\t\t\t\t<div class=\"elementor-element elementor-element-504057b elementor-widget elementor-widget-text-editor\" data-id=\"504057b\" data-element_type=\"widget\" data-e-type=\"widget\" data-widget_type=\"text-editor.default\">\n\t\t\t\t<div class=\"elementor-widget-container\">\n\t\t\t\t\t\t\t\t\t<p>Estem compromesos a fer accessible el nostre lloc web de conformitat amb el\u00a0<a href=\"https:\/\/www.boe.es\/buscar\/act.php?id=BOE-A-2018-12699\" target=\"_blank\" rel=\"noopener\">Reial Decret 1112\/2018, de 7 de setembre,<\/a>\u00a0sobre accessibilitat dels llocs web i aplicacions per a dispositius m\u00f2bils del sector p\u00fablic (d&#039;ara endavant Reial Decret 1112\/2018, de 7 de setembre).<\/p><div class=\"page-content\"><div class=\"elementor elementor-832\" data-elementor-type=\"wp-page\" data-elementor-id=\"832\" data-elementor-post-type=\"page\"><section class=\"elementor-section elementor-top-section elementor-element elementor-element-3f12c5c1 elementor-section-boxed elementor-section-height-default elementor-section-height-default\" data-id=\"3f12c5c1\" data-element_type=\"section\"><div class=\"elementor-container elementor-column-gap-default\"><div class=\"elementor-column elementor-col-100 elementor-top-column elementor-element elementor-element-15a4db13\" data-id=\"15a4db13\" data-element_type=\"column\"><div class=\"elementor-widget-wrap elementor-element-populated\"><div class=\"elementor-element elementor-element-447bd935 elementor-widget elementor-widget-text-editor\" data-id=\"447bd935\" data-element_type=\"widget\" data-widget_type=\"text-editor.default\"><div class=\"elementor-widget-container\"><p><strong>SITUACI\u00d3 DE COMPLIMENT<\/strong>Aquest lloc web \u00e9s parcialment conforme al Reial decret 1112\/2018, de 7 de setembre, degut a la manca de conformitat dels aspectes que s&#039;indiquen a continuaci\u00f3.<b>CONTINGUT NO ACCESSIBLE<\/b>El contingut que es recull a continuaci\u00f3 no \u00e9s accessible pel seg\u00fcent:<\/p><ol><li aria-level=\"1\">Manca de conformitat amb el Reial Decret 1112\/2018, de 7 de setembre: podrien existir errors puntuals d&#039;edici\u00f3 en alguna p\u00e0gina web, tant en continguts HTML com en documents finals, publicats en data posterior al 20 de setembre de 2018 (data d&#039;entrada en vigor del Reial decret 1112\/2018, de 7 de setembre). Concretament pot haver-hi errors en aquells documents que contenen gr\u00e0fics, taules complexes o en aquells signats electr\u00f2nicament abans de la revisi\u00f3 daccessibilitat.<\/li><li aria-level=\"1\">C\u00e0rrega desproporcionada: no s&#039;hi aplica.<\/li><li aria-level=\"1\">El contingut no entra a l&#039;\u00e0mbit de la legislaci\u00f3 aplicable: Hi ha arxius ofim\u00e0tics en PDF o altres formats publicats abans del 20 de setembre de 2018 que no compleixen totalment tots els requisits d&#039;accessibilitat; tamb\u00e9 poden estar en aquesta situaci\u00f3 continguts de tercers no finan\u00e7ats, ni desenvolupats, ni sota el control del Ministeri.<\/li><\/ol><p><b>PREPARACI\u00d3 DE LA PRESENT DECLARACI\u00d3 D&#039;ACCESSIBILITAT<\/b>Aquesta declaraci\u00f3 va ser preparada el 30 de gener de 2024. El m\u00e8tode emprat per preparar la declaraci\u00f3 ha estat una autoavaluaci\u00f3 duta a terme pel mateix organisme.<b>OBSERVACIONS I DADES DE CONTACTE<\/b>Podeu realitzar comunicacions sobre requisits d&#039;accessibilitat (article 10.2.a) del Reial decret 1112\/2018, de 7 de setembre) com ara: Informar sobre qualsevol possible incompliment per part d&#039;aquest lloc web. Transmetre altres dificultats dacc\u00e9s al contingut. qualsevol altra consulta o suggeriment de millora relativa a laccessibilitat del lloc web. A trav\u00e9s de les vies seg\u00fcents:<\/p><ul><li aria-level=\"1\">Correu electr\u00f2nic: maria@mariamunozroca.com<\/li><li aria-level=\"1\">Tel\u00e8fon: 669675395<\/li><li aria-level=\"1\">Les comunicacions seran rebudes i tractades per la direcci\u00f3 de lempresa com a unitat responsable dels continguts daquest lloc web.<\/li><\/ul><p><b>CONTINGUT OPCIONAL<\/b>La versi\u00f3 actualment visible d&#039;aquest lloc web \u00e9s de gener del 2024 i en aquesta data es va fer la revisi\u00f3 del nivell d&#039;accessibilitat vigent al moment. , tant de les plantilles com de les p\u00e0gines i documents finals publicats, a fi d&#039;assegurar el compliment dels requeriments d&#039;accessibilitat de la Norma UNE-EN 301549:2019, considerant les excepcions del Reial decret 1112\/2018, de 7 de setembre. Entre altres, s&#039;adopten les mesures seg\u00fcents per facilitar l&#039;accessibilitat:<\/p><ul><li aria-level=\"1\">Utilitzaci\u00f3 de text alternatiu a les imatges.<\/li><li aria-level=\"1\">Els enlla\u00e7os ofereixen detalls de la funci\u00f3 o dest\u00ed de l&#039;hiperenlla\u00e7.<\/li><li aria-level=\"1\">\u00das dels est\u00e0ndards del W3C: XHTML 1.0, CSS 3.0, WAI AA<\/li><\/ul><\/div><\/div><\/div><\/div><\/div><\/section><\/div><\/div>\t\t\t\t\t\t\t\t<\/div>\n\t\t\t\t<\/div>\n\t\t\t\t\t<\/div>\n\t\t\t\t<\/div>\n\t\t\t\t<\/div>","protected":false},"excerpt":{"rendered":"<p>DECLARACI\u00d3N DE ACCESIBILIDAD Estamos comprometidos a hacer accesible nuestro sitio web de conformidad con el\u00a0Real Decreto 1112\/2018, de 7 de septiembre,\u00a0sobre accesibilidad de los sitios web y aplicaciones para dispositivos m\u00f3viles del sector p\u00fablico (en adelante Real Decreto 1112\/2018, de 7 de septiembre). SITUACI\u00d3N DE CUMPLIMIENTOEste sitio web es parcialmente conforme al Real decreto 1112\/2018, [&hellip;]<\/p>\n","protected":false},"author":1,"featured_media":0,"parent":0,"menu_order":0,"comment_status":"closed","ping_status":"closed","template":"","meta":{"site-sidebar-layout":"no-sidebar","site-content-layout":"page-builder","ast-site-content-layout":"full-width-container","site-content-style":"default","site-sidebar-style":"default","ast-global-header-display":"","ast-banner-title-visibility":"","ast-main-header-display":"","ast-hfb-above-header-display":"","ast-hfb-below-header-display":"","ast-hfb-mobile-header-display":"","site-post-title":"disabled","ast-breadcrumbs-content":"","ast-featured-img":"disabled","footer-sml-layout":"","ast-disable-related-posts":"","theme-transparent-header-meta":"","adv-header-id-meta":"","stick-header-meta":"","header-above-stick-meta":"","header-main-stick-meta":"","header-below-stick-meta":"","astra-migrate-meta-layouts":"set","ast-page-background-enabled":"default","ast-page-background-meta":{"desktop":{"background-color":"var(--ast-global-color-4)","background-image":"","background-repeat":"repeat","background-position":"center center","background-size":"auto","background-attachment":"scroll","background-type":"","background-media":"","overlay-type":"","overlay-color":"","overlay-opacity":"","overlay-gradient":""},"tablet":{"background-color":"","background-image":"","background-repeat":"repeat","background-position":"center center","background-size":"auto","background-attachment":"scroll","background-type":"","background-media":"","overlay-type":"","overlay-color":"","overlay-opacity":"","overlay-gradient":""},"mobile":{"background-color":"","background-image":"","background-repeat":"repeat","background-position":"center center","background-size":"auto","background-attachment":"scroll","background-type":"","background-media":"","overlay-type":"","overlay-color":"","overlay-opacity":"","overlay-gradient":""}},"ast-content-background-meta":{"desktop":{"background-color":"var(--ast-global-color-5)","background-image":"","background-repeat":"repeat","background-position":"center center","background-size":"auto","background-attachment":"scroll","background-type":"","background-media":"","overlay-type":"","overlay-color":"","overlay-opacity":"","overlay-gradient":""},"tablet":{"background-color":"var(--ast-global-color-5)","background-image":"","background-repeat":"repeat","background-position":"center center","background-size":"auto","background-attachment":"scroll","background-type":"","background-media":"","overlay-type":"","overlay-color":"","overlay-opacity":"","overlay-gradient":""},"mobile":{"background-color":"var(--ast-global-color-5)","background-image":"","background-repeat":"repeat","background-position":"center center","background-size":"auto","background-attachment":"scroll","background-type":"","background-media":"","overlay-type":"","overlay-color":"","overlay-opacity":"","overlay-gradient":""}},"footnotes":""},"class_list":["post-2714","page","type-page","status-publish","hentry"],"_links":{"self":[{"href":"https:\/\/mariamunozroca.com\/ca\/wp-json\/wp\/v2\/pages\/2714","targetHints":{"allow":["GET"]}}],"collection":[{"href":"https:\/\/mariamunozroca.com\/ca\/wp-json\/wp\/v2\/pages"}],"about":[{"href":"https:\/\/mariamunozroca.com\/ca\/wp-json\/wp\/v2\/types\/page"}],"author":[{"embeddable":true,"href":"https:\/\/mariamunozroca.com\/ca\/wp-json\/wp\/v2\/users\/1"}],"replies":[{"embeddable":true,"href":"https:\/\/mariamunozroca.com\/ca\/wp-json\/wp\/v2\/comments?post=2714"}],"version-history":[{"count":5,"href":"https:\/\/mariamunozroca.com\/ca\/wp-json\/wp\/v2\/pages\/2714\/revisions"}],"predecessor-version":[{"id":5262,"href":"https:\/\/mariamunozroca.com\/ca\/wp-json\/wp\/v2\/pages\/2714\/revisions\/5262"}],"wp:attachment":[{"href":"https:\/\/mariamunozroca.com\/ca\/wp-json\/wp\/v2\/media?parent=2714"}],"curies":[{"name":"wp","href":"https:\/\/api.w.org\/{rel}","templated":true}]}}